{"id":439,"date":"2018-12-11T16:09:28","date_gmt":"2018-12-11T15:09:28","guid":{"rendered":"https:\/\/florevasseur.com\/?page_id=439"},"modified":"2019-04-01T12:33:13","modified_gmt":"2019-04-01T10:33:13","slug":"ce-quil-reste-de-nos-reves","status":"publish","type":"page","link":"https:\/\/florevasseur.com\/en\/books\/ce-quil-reste-de-nos-reves\/","title":{"rendered":"What remains of our dreams"},"content":{"rendered":"<p>Published in France on Jan 2019<\/p>\n<div style=\"width: 750px;\" class=\"wp-video\"><video class=\"wp-video-shortcode\" id=\"video-439-2\" width=\"750\" height=\"319\" preload=\"metadata\" controls=\"controls\"><source type=\"video\/mp4\" src=\"https:\/\/florevasseur.com\/wp-content\/uploads\/2019\/01\/CE_QUIL_RESTE_TEASER_VIM_YT_FB_ST.mp4?_=2\" \/><a href=\"https:\/\/florevasseur.com\/wp-content\/uploads\/2019\/01\/CE_QUIL_RESTE_TEASER_VIM_YT_FB_ST.mp4\">https:\/\/florevasseur.com\/wp-content\/uploads\/2019\/01\/CE_QUIL_RESTE_TEASER_VIM_YT_FB_ST.mp4<\/a><\/video><\/div>\n<h2>About the French release<\/h2>\n<h3>Book tour<\/h3>\n<p><strong>&#8211; 4 Avril : Universit\u00e9 Paris Descartes &#8211; A l\u2019invitation de Sophie P\u00e8ne &#8211; 18h<\/strong><br \/>\n&#8211; 28 Mars : Poitiers &#8211; Cobalt &#8211;\u00a0 A l&#8217;invitation de Olivier Delhumeau et Alois Gaborit &#8211; 19h<br \/>\n&#8211; 22 Mars : Politicafe &#8211; Paris 18 &#8211; A l\u2019invitation de G\u00e9n\u00e9rationXX &#8211; 20h<br \/>\n&#8211; 18 Mars : Clermont Ferrand &#8211; A l\u2019invitation de TEDxClermont Ferrand et de la Librairie des Volcans<br \/>\n&#8211; 14 Mars : Bordeaux &#8211; <a href=\"https:\/\/www.mollat.com\/evenements\/rencontre-avec-flore-vasseur\">Librairie Mollat<\/a> &#8211; 18h<br \/>\n&#8211; 9 Mars : Manigod &#8211; Lo Garajo &#8211; <a href=\"http:\/\/histoiredenparler.info\/evene\/flore-vasseur-pour-ce-quil-reste-de-nos-reves-thones\/\">A l\u2019invitation de l&#8217;association Histoire d\u2019en parler <\/a>&#8211; 19h30<br \/>\n&#8211; 8 Mars : Annecy &#8211; Th\u00e9\u00e2tre de Bonlieu &#8211; <a href=\"http:\/\/histoiredenparler.info\/evene\/flore-vasseur-pour-ce-quil-reste-de-nos-reves-bsn\/\">A l\u2019invitation de l&#8217;association Histoire d\u2019en parler<\/a> &#8211; 19h30<br \/>\n&#8211; 17 F\u00e9vrier : Bruxelles &#8211; Foire du livre<br \/>\n&#8211; 16 F\u00e9vrier : Paris 12 &#8211; Masterclass &#8211; A l\u2019invitation du MK2 biblioth\u00e8que<br \/>\n&#8211; 26 Janvier : Annecy &#8211; MJC Novel (avec Meeting Snowden) &#8211; A l\u2019invitation de Etikya<br \/>\n&#8211;\u00a0 24 Janvier: Paris 10 &#8211; A l\u2019invitation de Centre Commercial<br \/>\n&#8211; 16 Janvier : Caen &#8211; A l\u2019invitation de L\u2019avenir des Pixels est entre nos mains.<br \/>\n&#8211; 10 Janvier: Paris 19 : Bar 61<\/p>\n<h3>Press<\/h3>\n<p>TV<\/p>\n<ul>\n<li>L&#8217;enqu\u00eate de Flore Vasseur : <a href=\"https:\/\/www.youtube.com\/watch?v=DNJmfo3V4Kw\">La Grande Librairie<\/a><\/li>\n<li>R\u00e9parer la France : <a href=\"https:\/\/www.youtube.com\/watch?v=EuhhI-oSz34\">Livres et Vous<\/a> &#8211; Public S\u00e9nat<\/li>\n<li>Aaron Swartz ou les illusions perdues de l&#8217;Internet : <a title=\"https:\/\/www.youtube.com\/watch?v=5nz2sfNRtQk\" href=\"https:\/\/www.youtube.com\/watch?v=5nz2sfNRtQk\" target=\"_blank\" rel=\"nofollow noopener noreferrer\">TV5 Monde<\/a><\/li>\n<\/ul>\n<p>Radio \/ Podcast:<\/p>\n<ul>\n<li>France Culture : <a href=\"https:\/\/www.franceculture.fr\/emissions\/le-temps-des-ecrivains\/elisabeth-filhol-et-flore-vasseur\">le temps des \u00e9crivains<\/a><\/li>\n<li>France Culture : Softpower<\/li>\n<li>Connaissez-vous Aaron Swartz, g\u00e9nie de l&#8217;Internet sacrifi\u00e9 par Obama : <a title=\"https:\/\/www.franceinter.fr\/culture\/connaissez-vous-aaron-swartz-genie-de-l-internet-sacrifie-par-la-justice-d-obama\" href=\"https:\/\/www.franceinter.fr\/culture\/connaissez-vous-aaron-swartz-genie-de-l-internet-sacrifie-par-la-justice-d-obama\" target=\"_blank\" rel=\"nofollow noopener noreferrer\">France Inter journal 19h <\/a><\/li>\n<li>Que reste-t-il de nos r\u00eaves &#8211; Un temps de Pauchon : <a title=\"https:\/\/www.franceinter.fr\/emissions\/un-temps-de-pauchon\/un-temps-de-pauchon-13-janvier-2019?fbclid=IwAR022bNZ9UbUfFip79VodEe5MnworZ2hF4G1kxXWWVSvOGMq3g6gGZzOwzs\" href=\"https:\/\/www.franceinter.fr\/emissions\/un-temps-de-pauchon\/un-temps-de-pauchon-13-janvier-2019?fbclid=IwAR022bNZ9UbUfFip79VodEe5MnworZ2hF4G1kxXWWVSvOGMq3g6gGZzOwzs\" target=\"_blank\" rel=\"nofollow noopener noreferrer\">France Inter journal de 8h (chronique avec Sylvain Tesson)<\/a><\/li>\n<li><a title=\"https:\/\/www.franceinter.fr\/emissions\/la-tete-au-carre\/la-tete-au-carre-18-janvier-2019?fbclid=IwAR1kYC7CCWV31d6jKUZLAymsSKtAPvXkbvNdSgofV6GPOqgcOb8-GEz3x8k\" href=\"https:\/\/www.franceinter.fr\/emissions\/la-tete-au-carre\/la-tete-au-carre-18-janvier-2019?fbclid=IwAR1kYC7CCWV31d6jKUZLAymsSKtAPvXkbvNdSgofV6GPOqgcOb8-GEz3x8k\" target=\"_blank\" rel=\"nofollow noopener noreferrer\">La T\u00eate au carr\u00e9 sur France Inter (vers la 40eme minute)<\/a><\/li>\n<\/ul>\n<p>Journaux \/ magazines<\/p>\n<ul>\n<li><a title=\"https:\/\/www.telerama.fr\/livres\/ce-quil-reste-de-nos-reves,n6074156.php\" href=\"https:\/\/www.telerama.fr\/livres\/ce-quil-reste-de-nos-reves,n6074156.php\" target=\"_blank\" rel=\"nofollow noopener noreferrer\">Telerama<\/a><\/li>\n<li>L&#8217;hactiviste : ELLE Magazine<\/li>\n<li>Le sacrifice d&#8217;un id\u00e9aliste : <a href=\"https:\/\/www.la-croix.com\/Culture\/Livres-et-idees\/Aaron-Swartz-sacrifice-dun-idealiste-2019-01-31-1200999258?utm_medium=Social&amp;utm_source=Twitter#Echobox=1548932111\">La Croix<\/a><\/li>\n<li>Un crois\u00e9 de l&#8217;internet : <a href=\"https:\/\/plus.lesoir.be\/204902\/article\/2019-02-09\/un-croise-de-linternet\">Le Soir (Belgique)<\/a><\/li>\n<li>Aaron Swartz incarne notre d\u00e9sir de savoir : <a href=\"https:\/\/www.lepoint.fr\/culture\/flore-vasseur-aaron-swartz-incarne-le-desir-de-savoir-10-02-2019-2292399_3.php\">Le Point<\/a><\/li>\n<li>Le po\u00e8te du Net : <a href=\"http:\/\/www.valeursactuelles.com\/culture\/ce-quil-reste-de-nos-reves-jrr-tolkien-20-ans-prelude-au-seigneur-des-anneaux-le-roman-de-lauzun-du-sang-de-la-volupte-et-de-la-mort-104318?fbclid=IwAR1DtPgw8Z-pekNIqcAsqMBY56rvj4YIbrJSXB8jT4D_v2ptaX92iy4G_zs\">Valeurs actuelles<\/a><\/li>\n<li>Aaron Swartz, Martyr \u00e9ternel de l&#8217;Internet libre : <a href=\"https:\/\/usbeketrica.com\/article\/aaron-swartz-martyr-internet-libre\">Usbek et Rica<\/a><\/li>\n<li>Une femme au Net : Transfuge<\/li>\n<li>G\u00e9nie de l&#8217;Internet et Martyr de l&#8217;Am\u00e9rique : Le Figaro Litt\u00e9raire<\/li>\n<li>Le Nerd de la Guerre : Le Figaro Magazine<\/li>\n<li>Le Matin (Suisse)<\/li>\n<\/ul>\n<p>Online :<\/p>\n<ul>\n<li>Aaron Swartz, lanceur d&#8217;alerte sublim\u00e9 parles mots de Flore Vasseur : <a title=\"https:\/\/www.lelanceur.fr\/aaron-swartz-lanceur-dalerte-sublime-par-les-mots-de-flore-vasseur\/?fbclid=IwAR1WJNf8qVzvoXniPQ7_RCGgtz3RKJTR8ZKGT51NA2XObiryXDl86h2cy_w\" href=\"https:\/\/www.lelanceur.fr\/aaron-swartz-lanceur-dalerte-sublime-par-les-mots-de-flore-vasseur\/?fbclid=IwAR1WJNf8qVzvoXniPQ7_RCGgtz3RKJTR8ZKGT51NA2XObiryXDl86h2cy_w\" target=\"_blank\" rel=\"nofollow noopener noreferrer\">Le lanceur<\/a><\/li>\n<li>Il \u00e9tait le h\u00e9ros de l&#8217;internet libre, il en est devenu le martyr : <a href=\"https:\/\/twitter.com\/Loopsidernews\/status\/1091412207232004096\">Loopsider<\/a><\/li>\n<li>Le visionnaire &#8220;no future&#8221; de l&#8217;Internet : <a href=\"https:\/\/www.rtbf.be\/auvio\/detail_aaron-swartz-le-visionnaire-no-future-d-internet?id=2461300\">RTBF, Foire du livre de Bruxelles<\/a><\/li>\n<\/ul>\n<p class=\"protonmail_signature_block\">Book stores \/ Blog<\/p>\n<ul>\n<li><a href=\"https:\/\/blogs.mollat.com\/articles-blog-litterature-sc-humaines\/pour-quoi-es-tu-mort-aaron-swartz?fbclid=IwAR1arXoq_vL29fgG7YtJH4H5DldBPB5lxROxhx3WnJt_Fwp902KsiRSTKnc\">Le Blog de la librairie Mollat<\/a><\/li>\n<li><a href=\"https:\/\/www.babelio.com\/livres\/Vasseur-Ce-quil-reste-de-nos-reves\/1105962\/critiques\/1815347\">Babelio<\/a><\/li>\n<li><a href=\"http:\/\/www.cozette.org\/2019\/02\/17\/aaron-swartz-ou-la-mort-dun-heros-formidable\/\">Cozette vide sa plume <\/a><\/li>\n<\/ul>\n<div class=\"blog-post\">\n<div class=\"container\">\n<article id=\"post-120\" class=\"section section-text\">\n<div class=\"row\">\n<div class=\"col-md-12\">\n<h2><span class=\"title\">Publisher:<\/span><\/h2>\n<h4>Olivier Frebourg \u2013 Editions des Equateurs<\/h4>\n<h4>Contact: Caroline Bokanowski : <a href=\"mailto:cbokanowski@editionsdesequateurs.fr\">cbokanowski@editionsdesequateurs.fr<\/a> \/ +33 6 85 65 79 75<\/h4>\n<h4 class=\"souligne\"><strong>International rights: Elisa Rodriguez<\/strong> : <strong><a href=\"mailto:erodriguez@editionsdesequateurs.fr\">erodriguez@editionsdesequateurs.fr<\/a><\/strong><\/h4>\n<h4>Art director: Heloise Condroyer<\/h4>\n<\/div>\n<\/div>\n<\/article>\n<div class=\"section section-blog-info\"><\/div>\n<\/div>\n<\/div>\n<p><\/p>","protected":false},"excerpt":{"rendered":"<p>Published in France on Jan 2019 About the French release Book tour &#8211; 4 Avril : Universit\u00e9 Paris Descartes &#8211; A l\u2019invitation de Sophie P\u00e8ne &#8211; 18h &#8211; 28 Mars : Poitiers &#8211; Cobalt &#8211;\u00a0<a class=\"moretag\" href=\"https:\/\/florevasseur.com\/en\/books\/ce-quil-reste-de-nos-reves\/\"> Read more&hellip;<\/a><\/p>\n","protected":false},"author":3,"featured_media":453,"parent":120,"menu_order":0,"comment_status":"closed","ping_status":"closed","template":"","meta":{"footnotes":""},"_links":{"self":[{"href":"https:\/\/florevasseur.com\/en\/wp-json\/wp\/v2\/pages\/439"}],"collection":[{"href":"https:\/\/florevasseur.com\/en\/wp-json\/wp\/v2\/pages"}],"about":[{"href":"https:\/\/florevasseur.com\/en\/wp-json\/wp\/v2\/types\/page"}],"author":[{"embeddable":true,"href":"https:\/\/florevasseur.com\/en\/wp-json\/wp\/v2\/users\/3"}],"replies":[{"embeddable":true,"href":"https:\/\/florevasseur.com\/en\/wp-json\/wp\/v2\/comments?post=439"}],"version-history":[{"count":35,"href":"https:\/\/florevasseur.com\/en\/wp-json\/wp\/v2\/pages\/439\/revisions"}],"predecessor-version":[{"id":539,"href":"https:\/\/florevasseur.com\/en\/wp-json\/wp\/v2\/pages\/439\/revisions\/539"}],"up":[{"embeddable":true,"href":"https:\/\/florevasseur.com\/en\/wp-json\/wp\/v2\/pages\/120"}],"wp:featuredmedia":[{"embeddable":true,"href":"https:\/\/florevasseur.com\/en\/wp-json\/wp\/v2\/media\/453"}],"wp:attachment":[{"href":"https:\/\/florevasseur.com\/en\/wp-json\/wp\/v2\/media?parent=439"}],"curies":[{"name":"wp","href":"https:\/\/api.w.org\/{rel}","templated":true}]}}