{"id":136,"date":"2017-06-08T01:31:26","date_gmt":"2017-06-07T23:31:26","guid":{"rendered":"https:\/\/florevasseur.com\/?page_id=136"},"modified":"2017-06-08T03:26:36","modified_gmt":"2017-06-08T01:26:36","slug":"en-bande-organisee-editions-des-equateurs","status":"publish","type":"page","link":"https:\/\/florevasseur.com\/en\/books\/en-bande-organisee-editions-des-equateurs\/","title":{"rendered":"En Bande Organis\u00e9e"},"content":{"rendered":"<p><\/p>\n<div class=\"container\">\n<div class=\"row\">\n<div class=\"col-md-3 col-sm-4 col-xs-6\">\n<div class=\"card card-mini card-testimonial card-plain\">\n<div class=\"card-image\"><img loading=\"lazy\" decoding=\"async\" class=\"img alignnone\" title=\"Parution France\" src=\"https:\/\/florevasseur.com\/wp-content\/uploads\/2017\/06\/EBO-1.png\" alt=\"Parution France\" width=\"402\" height=\"591\" \/><\/div>\n<div class=\"content\">\n<h4 class=\"card-title\">France, August 2013<\/h4>\n<h6 class=\"category text-muted\">\u00c9ditions des \u00c9quateurs<\/h6>\n<\/p><\/div>\n<\/p><\/div>\n<\/p><\/div>\n<div class=\"col-md-3 col-sm-4 col-xs-6\">\n<div class=\"card card-mini card-testimonial card-plain\">\n<div class=\"card-image\"><img loading=\"lazy\" decoding=\"async\" class=\"img alignnone\" title=\"Parution Poche\" src=\"https:\/\/florevasseur.com\/wp-content\/uploads\/2017\/06\/EBO-3.png\" alt=\"Parution Poche\" width=\"402\" height=\"591\" \/><\/div>\n<div class=\"content\">\n<h4 class=\"card-title\">France, April 2015<\/h4>\n<h6 class=\"category text-muted\">Paperback &#8211; J\u2019ai Lu<\/h6>\n<\/p><\/div>\n<\/p><\/div>\n<\/p><\/div>\n<div class=\"col-md-3 col-sm-4 col-xs-6\">\n<div class=\"card card-mini card-testimonial card-plain\">\n<div class=\"card-image\"><a href=\"http:\/\/haffmans-tolkemitt.de\/programm\/flore-vasseurkriminelle-bande\/\" target=\"blanck\"><img loading=\"lazy\" decoding=\"async\" class=\"img alignnone\" title=\"Parution Germany\" src=\"https:\/\/florevasseur.com\/wp-content\/uploads\/2017\/06\/EBO-2.png\" alt=\"Parution Germany\" width=\"402\" height=\"591\" \/><\/a><\/div>\n<div class=\"content\">\n<h4 class=\"card-title\">Germany, August 2014<\/h4>\n<h6 class=\"category text-muted\"><a href=\"http:\/\/haffmans-tolkemitt.de\/programm\/flore-vasseurkriminelle-bande\/\" target=\"blanck\">Haffmann Tolkemitt<\/a><\/h6>\n<\/p><\/div>\n<\/p><\/div>\n<\/p><\/div>\n<div class=\"col-md-3 col-sm-4 col-xs-6\">\n<div class=\"card card-mini card-testimonial card-plain\">\n<div class=\"card-image\"><img loading=\"lazy\" decoding=\"async\" class=\"img alignnone\" title=\"Parution Korea\" src=\"https:\/\/florevasseur.com\/wp-content\/uploads\/2017\/06\/EBO-4.png\" alt=\"Parution Korea\" width=\"402\" height=\"591\" \/><\/div>\n<div class=\"content\">\n<h4 class=\"card-title\">South Korea, 2015<\/h4>\n<h6 class=\"category text-muted\"><\/h6>\n<\/p><\/div>\n<\/p><\/div>\n<\/p><\/div>\n<\/p><\/div>\n<\/div>\n<p>Clara, J\u00e9r\u00e9mie, Bertrand, Vanessa, S\u00e9bastien, Antoine and Alison belong to the first generation raised by brands, TV sets and Google algorithm. The perfect breeding of the French meritocratic system, they meet when, as baby sharks, they make their way to HEC (top French business college). Now At 40, they are about to reign in their fields : finance, politics, communication, media and coding. Their days are as overloaded as meaningless. They represent the next wave,  the mini-club of Paris elite. They look ultra-powerful, fear downgrading. Their only objective : avoiding madness.<br \/>\nFrom little compromises to big renouncements, they are involved in the collusion between global finance and the European political leaders who are ruining the Old Continent. Until one of the seven friends, the closest to true power, is found dead. Suicide ? Murder ? Nowadays, everything is suspect and no one can be trusted.<\/p>\n<p>&#8220;En bande organis\u00e9e&#8221; is based on facts. It is the result of the author\u2019s investigation on the manipulations of some European countries to get the Euro.  Are we still in a democracy? What is success worth in a doomed world?<\/p>\n<p>This economic and political thriller is a must-read for anyone willing to understand what is really at stake within the European crisis. The reader will embark a ghost train, hurtling down roller-coasters. If you are not afraid, throw yourself in this incredible novel. Otherwise, keep watching TV.<\/p>","protected":false},"excerpt":{"rendered":"<p>France, August 2013 \u00c9ditions des \u00c9quateurs France, April 2015 Paperback &#8211; J\u2019ai Lu Germany, August 2014 Haffmann Tolkemitt South Korea, 2015 Clara, J\u00e9r\u00e9mie, Bertrand, Vanessa, S\u00e9bastien, Antoine and Alison belong to the first generation raised<a class=\"moretag\" href=\"https:\/\/florevasseur.com\/en\/books\/en-bande-organisee-editions-des-equateurs\/\"> Read more&hellip;<\/a><\/p>\n","protected":false},"author":1,"featured_media":42,"parent":120,"menu_order":0,"comment_status":"closed","ping_status":"closed","template":"","meta":{"footnotes":""},"_links":{"self":[{"href":"https:\/\/florevasseur.com\/en\/wp-json\/wp\/v2\/pages\/136"}],"collection":[{"href":"https:\/\/florevasseur.com\/en\/wp-json\/wp\/v2\/pages"}],"about":[{"href":"https:\/\/florevasseur.com\/en\/wp-json\/wp\/v2\/types\/page"}],"author":[{"embeddable":true,"href":"https:\/\/florevasseur.com\/en\/wp-json\/wp\/v2\/users\/1"}],"replies":[{"embeddable":true,"href":"https:\/\/florevasseur.com\/en\/wp-json\/wp\/v2\/comments?post=136"}],"version-history":[{"count":7,"href":"https:\/\/florevasseur.com\/en\/wp-json\/wp\/v2\/pages\/136\/revisions"}],"predecessor-version":[{"id":227,"href":"https:\/\/florevasseur.com\/en\/wp-json\/wp\/v2\/pages\/136\/revisions\/227"}],"up":[{"embeddable":true,"href":"https:\/\/florevasseur.com\/en\/wp-json\/wp\/v2\/pages\/120"}],"wp:featuredmedia":[{"embeddable":true,"href":"https:\/\/florevasseur.com\/en\/wp-json\/wp\/v2\/media\/42"}],"wp:attachment":[{"href":"https:\/\/florevasseur.com\/en\/wp-json\/wp\/v2\/media?parent=136"}],"curies":[{"name":"wp","href":"https:\/\/api.w.org\/{rel}","templated":true}]}}