{"id":129,"date":"2017-06-08T01:27:04","date_gmt":"2017-06-07T23:27:04","guid":{"rendered":"https:\/\/florevasseur.com\/?page_id=129"},"modified":"2017-06-08T03:31:26","modified_gmt":"2017-06-08T01:31:26","slug":"stories","status":"publish","type":"page","link":"https:\/\/florevasseur.com\/en\/stories\/","title":{"rendered":"Stories"},"content":{"rendered":"<p><em class=\"title\">Available in english:<\/em><\/p>\n<h2>Portraits<\/h2>\n<ul>\n<li>\n<h4><span class=\"card-title\">Birgitta Jonsdottir : Lisbeth Salander\u2019s Real Life Twin May Be Iceland\u2019s Next Prime Minister<\/span><br \/>\nBackchannel (2016) <a class=\"btn btn-sm-custom\" href=\"https:\/\/backchannel.com\/lisbeth-salander-s-real-life-twin-may-be-iceland-s-next-prime-minister-be314284fca4\" target=\"_blank\">Read<\/a><\/h4>\n<\/li>\n<li>\n<h4><span class=\"card-title\">Laura Poitras : \u00ab Hacking Hollywood with Edward Snowden \u00bb <\/span><br \/>\n(2015) <a class=\"btn btn-sm-custom\" href=\"https:\/\/backchannel.com\/hacking-hollywood-with-ed-snowden-37a08bef377e\" target=\"_blank\">Read<\/a><\/h4>\n<\/li>\n<li>\n<h4><span class=\"card-title\">Larry Lessig : The Professor&#8217;s Rebellion <\/span><br \/>\nBackchannel (2014) <a class=\"btn btn-sm-custom\" href=\"https:\/\/backchannel.com\/larry-lessigs-long-walk-b96d80d34972\" target=\"_blank\">Read<\/a><\/h4>\n<\/li>\n<li>\n<h4><span class=\"card-title\">Salvatore Iaconesci portrait <\/span><br \/>\nLe Monde (2013) <a class=\"btn btn-sm-custom\" href=\"https:\/\/florevasseur.com\/wp-content\/uploads\/2017\/06\/Salvatore-Iaconesi-portrait-for-le-Monde-US-version.docx\" target=\"_blank\">Read<\/a><\/h4>\n<\/li>\n<li>\n<h4><span class=\"card-title\">Walid et Nadia Al Sakaf portrait <\/span><br \/>\nLe Monde (2012) <a class=\"btn btn-sm-custom\" href=\"https:\/\/florevasseur.com\/wp-content\/uploads\/2017\/06\/Walid-et-Nadia-Al-Sakkaf-portrait-for-Le-Monde-US-version.docx\" target=\"_blank\">Read<\/a><\/h4>\n<\/li>\n<\/ul>\n<h2>Interviews<\/h2>\n<ul>\n<li>\n<h4><span class=\"card-title\">Papandreou opens TEDGLobal<\/span><br \/>\nLe Monde (2013) <a class=\"btn btn-sm-custom\" href=\"https:\/\/florevasseur.com\/wp-content\/uploads\/2017\/06\/Papandreou-opens-TEDGlobal-for-Le-Monde-US-version.pdf\" target=\"_blank\">Read<\/a><\/h4>\n<\/li>\n<li>\n<h4><span class=\"card-title\">Julian Assange interview<\/span><br \/>\nLiberation (April 2011) <a class=\"btn btn-sm-custom\" href=\"https:\/\/florevasseur.com\/wp-content\/uploads\/2017\/06\/Julian-Assange-interview-for-Liberation-April-2011-US-version.pdf\" target=\"_blank\">Read<\/a><\/h4>\n<\/li>\n<\/ul>\n<p>&nbsp;<\/p>\n<p><em class=\"title\">In french only:<\/em><\/p>\n<h2>Portraits<\/h2>\n<ul>\n<li>\n<h4><span class=\"card-title\">Anwar Dafa Alla : Dans les contre all\u00e9es du pouvoir<\/span><br \/>\nLe Monde (2013) <a class=\"btn btn-sm-custom\" href=\"https:\/\/florevasseur.com\/wp-content\/uploads\/2017\/06\/dafa-alla.pdf\" target=\"_blank\">Lire<\/a><\/h4>\n<\/li>\n<li>\n<h4><span class=\"card-title\">May El-Khalil &#8211; Marathon Woman<\/span><br \/>\nLe Monde (2013) <a class=\"btn btn-sm-custom\" href=\"https:\/\/florevasseur.com\/wp-content\/uploads\/2017\/06\/el-khalil.pdf\" target=\"_blank\">Lire<\/a><\/h4>\n<\/li>\n<li>\n<h4><span class=\"card-title\">Melinda Gates, Reine du monde <\/span><br \/>\nLe Parisien Magazine (2013) <a class=\"btn btn-sm-custom\" href=\"http:\/\/www.leparisien.fr\/magazine\/grand-angle\/melinda-gates-la-reine-du-monde-18-06-2013-2907613.php\" target=\"_blank\">Lire<\/a><\/h4>\n<\/li>\n<li>\n<h4><span class=\"card-title\">Juliana Rotich : Geeks Party<\/span><br \/>\nLe Monde (2013) <a class=\"btn btn-sm-custom\" href=\"https:\/\/florevasseur.com\/wp-content\/uploads\/2017\/06\/Juliana-rotich.pdf\" target=\"_blank\">Lire<\/a><\/h4>\n<\/li>\n<li>\n<h4><span class=\"card-title\">La proph\u00e9tie de Lesley Hazleton<\/span><br \/>\nLe Monde (2013) <a class=\"btn btn-sm-custom\" href=\"https:\/\/florevasseur.com\/wp-content\/uploads\/2017\/06\/Lesley-hazleton.pdf\" target=\"_blank\">Lire<\/a><\/h4>\n<\/li>\n<li>\n<h4><span class=\"card-title\">Gregoire Courtine, l\u2019Ovni de la recherche scientifique<\/span><br \/>\nLe Monde (2013) <a class=\"btn btn-sm-custom\" href=\"https:\/\/florevasseur.com\/wp-content\/uploads\/2017\/06\/Gregoire-courtine.pdf\" target=\"_blank\">Lire<\/a><\/h4>\n<\/li>\n<li>\n<h4><span class=\"card-title\">Daphne Koller : la salle de classe plan\u00e9taire<\/span><br \/>\nLe Monde (2012) <a class=\"btn btn-sm-custom\" href=\"https:\/\/florevasseur.com\/wp-content\/uploads\/2017\/06\/change-daphne.pdf\" target=\"_blank\">Lire<\/a><\/h4>\n<\/li>\n<li>\n<h4><span class=\"card-title\">Becci Manson, (Re)toucher les m\u00e9moires<\/span><br \/>\nLe Monde (2012) <a class=\"btn btn-sm-custom\" href=\"https:\/\/florevasseur.com\/wp-content\/uploads\/2017\/06\/change-becci.pdf\" target=\"_blank\">Lire<\/a><\/h4>\n<\/li>\n<li>\n<h4><span class=\"card-title\">Ola Orekunrin, : Voler au secours des victimes<\/span><br \/>\nLe Monde (2012) <a class=\"btn btn-sm-custom\" href=\"https:\/\/florevasseur.com\/wp-content\/uploads\/2017\/06\/change-ola.pdf\" target=\"_blank\">Lire<\/a><\/h4>\n<\/li>\n<li>\n<h4><span class=\"card-title\">Le pari fou du Docteur Vickram Patel<\/span><br \/>\nLe Monde (2012) <a class=\"btn btn-sm-custom\" href=\"https:\/\/florevasseur.com\/wp-content\/uploads\/2017\/06\/change-vickram.pdf\" target=\"_blank\">Lire<\/a><\/h4>\n<\/li>\n<li>\n<h4><span class=\"card-title\">Max Little : Diagnostiquer Parkinson bient\u00f4t simple comme un coup de fil<\/span><br \/>\nLe Monde (2012) <a class=\"btn btn-sm-custom\" href=\"https:\/\/florevasseur.com\/wp-content\/uploads\/2017\/06\/change-max.pdf\" target=\"_blank\">Lire<\/a><\/h4>\n<\/li>\n<li>\n<h4><span class=\"card-title\">Ibrahim Mo &#8211; L&#8217;Afrique \u00e0 l&#8217;index et \u00e0 l&#8217;oeil<\/span><br \/>\nLib\u00e9ration (Novembre 2011) <a class=\"btn btn-sm-custom\" href=\"https:\/\/florevasseur.com\/files\/press_61_file.pdf\" target=\"_blank\" rel=\"noopener noreferrer\">Lire<\/a><\/h4>\n<\/li>\n<li>\n<h4><span class=\"card-title\">Paul Collier &#8211; En Afrique, la situation est explosive<\/span><br \/>\nLe Monde 2 (20 Octobre 2008) <a class=\"btn btn-sm-custom\" href=\"https:\/\/florevasseur.com\/files\/press_3_file.pdf\" target=\"_blank\" rel=\"noopener noreferrer\">Lire<\/a><\/h4>\n<\/li>\n<li>\n<h4><span class=\"card-title\">Chris Jordan &#8211; Les vertiges militants de Chris Jordan<\/span><br \/>\nLe Monde 2 (20 Septembre 2008) <a class=\"btn btn-sm-custom\" href=\"https:\/\/florevasseur.com\/files\/press_6_file.pdf\" target=\"_blank\" rel=\"noopener noreferrer\">Lire<\/a><\/h4>\n<\/li>\n<li>\n<h4><span class=\"card-title\">Manal Al Sharif<\/span><br \/>\nLe Monde (7 juillet 2013)<\/h4>\n<\/li>\n<\/ul>\n<h2>Interviews<\/h2>\n<ul>\n<li>\n<h4><span class=\"card-title\">Larry Lessig : Les citoyens, et non les lobbys, doivent financer la politique<\/span><br \/>\nLe Monde (2014) <a class=\"btn btn-sm-custom\" href=\"http:\/\/www.lemonde.fr\/politique\/article\/2014\/01\/16\/lawrence-lessig-les-citoyens-et-non-les-lobbys-doivent-financer-la-politique_4349375_823448.html\" target=\"_blank\" rel=\"noopener noreferrer\">Lire<\/a><\/h4>\n<\/li>\n<li>\n<h4><span class=\"card-title\">Evgeny Morozov : WikiLeaks va bient\u00f4t d\u00e9couvrir que sa strat\u00e9gie n\u2019a aucun effet<\/span><br \/>\nLe Figaro (2013) <a class=\"btn btn-sm-custom\" href=\"https:\/\/florevasseur.com\/wp-content\/uploads\/2017\/06\/evgeny-morozov.pdf\" target=\"_blank\" rel=\"noopener noreferrer\">Lire<\/a><\/h4>\n<\/li>\n<li>\n<h4><span class=\"card-title\">Naomi Klein : Le syst\u00e8me capitaliste prosp\u00e8re-t-il sur des catastrophes ?<\/span><br \/>\nLe Figaro (2008) <a class=\"btn btn-sm-custom\" href=\"http:\/\/www.pressreader.com\/france\/le-figaro\/20080602\/281904473923908\" target=\"_blank\" rel=\"noopener noreferrer\">Lire<\/a><\/h4>\n<\/li>\n<\/ul>\n<h2>Conf\u00e9rences<\/h2>\n<ul>\n<li>\n<h4><span class=\"card-title\">Occupy Wall Street<\/span><br \/>\nMarianne \/ Le Magazine Litt\u00e9raire (2011)<\/h4>\n<\/li>\n<li>\n<h4><span class=\"card-title\">Bilderberg : joujou des puissants<\/span><br \/>\nLib\u00e9ration (2010) <a class=\"btn btn-sm-custom\" href=\"http:\/\/blog.florevasseur.com\/post\/672749472\/bilderberg-joujou-des-puissants\" target=\"_blank\" >Lire<\/a><\/h4>\n<\/li>\n<li>\n<h4><span class=\"card-title\">TED : Quand l\u2019\u2019\u00e9lite mondiale imagine l\u2019avenir<\/span><br \/>\nLe Figaro (2009) <a class=\"btn btn-sm-custom\" href=\"http:\/\/www.lefigaro.fr\/sciences\/2009\/08\/29\/01008-20090829ARTFIG00002-quand-l-elite-mondiale-imagine-l-avenir-.php\" target=\"_blank\" >Lire<\/a><\/h4>\n<\/li>\n<li>\n<h4><span class=\"card-title\">TED : 3 jours pour sauver le monde<\/span><br \/>\nLe Monde Magazine (2008) <a class=\"btn btn-sm-custom\" href=\"https:\/\/florevasseur.com\/wp-content\/uploads\/2017\/06\/TED-2008-4-jours-pour-changer-le-monde.pdf\" target=\"_blank\" >Lire<\/a><\/h4>\n<\/li>\n<li>\n<h4><span class=\"card-title\">Bill Clinton&#8230; Sauveur du monde<\/span><br \/>\nCGI pour le Monde (20 Septembre 2008) <a class=\"btn btn-sm-custom\" href=\"https:\/\/florevasseur.com\/files\/press_4_file.pdf\" target=\"_blank\" rel=\"noopener noreferrer\">Lire<\/a><\/h4>\n<\/li>\n<\/ul>\n<h2>Chroniques<\/h2>\n<ul>\n<li>La finance en litt\u00e9rature, mati\u00e8re noire ultime &#8211; Le Figaro (2014)<\/li>\n<li>My Women&#8217;s Day &#8211; La Parisienne (2014)<\/li>\n<li>Si j\u2019\u00e9tais ministre des finances &#8211; Charles (2012)<\/li>\n<li>The week of &#8230; &#8211; Le Journal du Dimanche (2010)<\/li>\n<li>Le Figaro Litt\u00e9raire: Dave Eggers, Nick McDonnel, Eric Reinhard, Fr\u00e9deric Beigbeder.<\/li>\n<\/ul>\n<p>&nbsp;<\/p>","protected":false},"excerpt":{"rendered":"<p>Available in english: Portraits Birgitta Jonsdottir : Lisbeth Salander\u2019s Real Life Twin May Be Iceland\u2019s Next Prime Minister Backchannel (2016) Read Laura Poitras : \u00ab Hacking Hollywood with Edward Snowden \u00bb (2015) Read Larry Lessig<a class=\"moretag\" href=\"https:\/\/florevasseur.com\/en\/stories\/\"> Read more&hellip;<\/a><\/p>\n","protected":false},"author":1,"featured_media":58,"parent":0,"menu_order":0,"comment_status":"closed","ping_status":"closed","template":"","meta":{"footnotes":""},"_links":{"self":[{"href":"https:\/\/florevasseur.com\/en\/wp-json\/wp\/v2\/pages\/129"}],"collection":[{"href":"https:\/\/florevasseur.com\/en\/wp-json\/wp\/v2\/pages"}],"about":[{"href":"https:\/\/florevasseur.com\/en\/wp-json\/wp\/v2\/types\/page"}],"author":[{"embeddable":true,"href":"https:\/\/florevasseur.com\/en\/wp-json\/wp\/v2\/users\/1"}],"replies":[{"embeddable":true,"href":"https:\/\/florevasseur.com\/en\/wp-json\/wp\/v2\/comments?post=129"}],"version-history":[{"count":8,"href":"https:\/\/florevasseur.com\/en\/wp-json\/wp\/v2\/pages\/129\/revisions"}],"predecessor-version":[{"id":232,"href":"https:\/\/florevasseur.com\/en\/wp-json\/wp\/v2\/pages\/129\/revisions\/232"}],"wp:featuredmedia":[{"embeddable":true,"href":"https:\/\/florevasseur.com\/en\/wp-json\/wp\/v2\/media\/58"}],"wp:attachment":[{"href":"https:\/\/florevasseur.com\/en\/wp-json\/wp\/v2\/media?parent=129"}],"curies":[{"name":"wp","href":"https:\/\/api.w.org\/{rel}","templated":true}]}}